{"id":1556,"date":"2020-02-13T16:41:45","date_gmt":"2020-02-13T16:41:45","guid":{"rendered":"https:\/\/www.toppen77.se\/about-us\/"},"modified":"2020-02-13T16:41:45","modified_gmt":"2020-02-13T16:41:45","slug":"about-us","status":"publish","type":"page","link":"https:\/\/www.toppen77.se\/en\/about-us\/","title":{"rendered":"About us"},"content":{"rendered":"\t\t<div data-elementor-type=\"wp-page\" data-elementor-id=\"1556\" class=\"elementor elementor-1556 elementor-86\" data-elementor-post-type=\"page\">\n\t\t\t\t\t\t<section class=\"elementor-section elementor-top-section elementor-element elementor-element-aa9b529 elementor-section-boxed elementor-section-height-default elementor-section-height-default\" data-id=\"aa9b529\" data-element_type=\"section\" data-e-type=\"section\">\n\t\t\t\t\t\t<div class=\"elementor-container elementor-column-gap-default\">\n\t\t\t\t\t<div class=\"elementor-column elementor-col-100 elementor-top-column elementor-element elementor-element-14a4cb0\" data-id=\"14a4cb0\" data-element_type=\"column\" data-e-type=\"column\">\n\t\t\t<div class=\"elementor-widget-wrap\">\n\t\t\t\t\t\t\t<\/div>\n\t\t<\/div>\n\t\t\t\t\t<\/div>\n\t\t<\/section>\n\t\t\t\t<section class=\"elementor-section elementor-top-section elementor-element elementor-element-c49fce6 elementor-section-stretched elementor-section-full_width elementor-section-height-min-height elementor-section-items-bottom elementor-section-height-default\" data-id=\"c49fce6\" data-element_type=\"section\" data-e-type=\"section\" data-settings=\"{&quot;stretch_section&quot;:&quot;section-stretched&quot;,&quot;background_background&quot;:&quot;classic&quot;}\">\n\t\t\t\t\t\t<div class=\"elementor-container elementor-column-gap-default\">\n\t\t\t\t\t<div class=\"elementor-column elementor-col-25 elementor-top-column elementor-element elementor-element-4284430\" data-id=\"4284430\" data-element_type=\"column\" data-e-type=\"column\">\n\t\t\t<div class=\"elementor-widget-wrap\">\n\t\t\t\t\t\t\t<\/div>\n\t\t<\/div>\n\t\t\t\t<div class=\"elementor-column elementor-col-25 elementor-top-column elementor-element elementor-element-681c870\" data-id=\"681c870\" data-element_type=\"column\" data-e-type=\"column\" data-settings=\"{&quot;background_background&quot;:&quot;classic&quot;}\">\n\t\t\t<div class=\"elementor-widget-wrap elementor-element-populated\">\n\t\t\t\t\t\t<div class=\"elementor-element elementor-element-a25d119 elementor-widget elementor-widget-heading\" data-id=\"a25d119\" data-element_type=\"widget\" data-e-type=\"widget\" data-widget_type=\"heading.default\">\n\t\t\t\t<div class=\"elementor-widget-container\">\n\t\t\t\t\t<h2 class=\"elementor-heading-title elementor-size-default\">Om<\/h2>\t\t\t\t<\/div>\n\t\t\t\t<\/div>\n\t\t\t\t\t<\/div>\n\t\t<\/div>\n\t\t\t\t<div class=\"elementor-column elementor-col-25 elementor-top-column elementor-element elementor-element-50ce87b\" data-id=\"50ce87b\" data-element_type=\"column\" data-e-type=\"column\" data-settings=\"{&quot;background_background&quot;:&quot;classic&quot;}\">\n\t\t\t<div class=\"elementor-widget-wrap elementor-element-populated\">\n\t\t\t\t\t\t<div class=\"elementor-element elementor-element-30d9119 elementor-widget elementor-widget-heading\" data-id=\"30d9119\" data-element_type=\"widget\" data-e-type=\"widget\" data-widget_type=\"heading.default\">\n\t\t\t\t<div class=\"elementor-widget-container\">\n\t\t\t\t\t<h2 class=\"elementor-heading-title elementor-size-default\">oss<\/h2>\t\t\t\t<\/div>\n\t\t\t\t<\/div>\n\t\t\t\t\t<\/div>\n\t\t<\/div>\n\t\t\t\t<div class=\"elementor-column elementor-col-25 elementor-top-column elementor-element elementor-element-59cb83d\" data-id=\"59cb83d\" data-element_type=\"column\" data-e-type=\"column\">\n\t\t\t<div class=\"elementor-widget-wrap\">\n\t\t\t\t\t\t\t<\/div>\n\t\t<\/div>\n\t\t\t\t\t<\/div>\n\t\t<\/section>\n\t\t\t\t<section class=\"elementor-section elementor-top-section elementor-element elementor-element-3fe70ca elementor-section-boxed elementor-section-height-default elementor-section-height-default\" data-id=\"3fe70ca\" data-element_type=\"section\" data-e-type=\"section\">\n\t\t\t\t\t\t<div class=\"elementor-container elementor-column-gap-default\">\n\t\t\t\t\t<div class=\"elementor-column elementor-col-33 elementor-top-column elementor-element elementor-element-61b817c\" data-id=\"61b817c\" data-element_type=\"column\" data-e-type=\"column\">\n\t\t\t<div class=\"elementor-widget-wrap elementor-element-populated\">\n\t\t\t\t\t\t<div class=\"elementor-element elementor-element-1597243 elementor-widget elementor-widget-heading\" data-id=\"1597243\" data-element_type=\"widget\" data-e-type=\"widget\" data-widget_type=\"heading.default\">\n\t\t\t\t<div class=\"elementor-widget-container\">\n\t\t\t\t\t<h2 class=\"elementor-heading-title elementor-size-default\">Vi vill underl\u00e4tta vardagen!<\/h2>\t\t\t\t<\/div>\n\t\t\t\t<\/div>\n\t\t\t\t<div class=\"elementor-element elementor-element-4d23d30 elementor-drop-cap-yes elementor-drop-cap-view-default elementor-widget elementor-widget-text-editor\" data-id=\"4d23d30\" data-element_type=\"widget\" data-e-type=\"widget\" data-settings=\"{&quot;drop_cap&quot;:&quot;yes&quot;}\" data-widget_type=\"text-editor.default\">\n\t\t\t\t<div class=\"elementor-widget-container\">\n\t\t\t\t\t\t\t\t\t<p>Toppen77 startades i G\u00f6teborg 1977 av Sjunne som tillverkade skyddshj\u00e4lmar i skumplast f\u00f6r att underl\u00e4tta dagen f\u00f6r m\u00e4nniskor med olika typer av handikapp. Sjunne gjorde hj\u00e4lmen testad och CE m\u00e4rkt.<\/p><p>Hj\u00e4lmen blev en succ\u00e9 och \u00e4r idag ett erk\u00e4nt hj\u00e4lpmedel som s\u00e4ljs v\u00e4rlden \u00f6ver. Idag tillverkas samma gedigna skyddshj\u00e4lm av Ingela och Peter Berndtsson. Alla hj\u00e4lmar sys f\u00f6r hand och \u00e4r m\u00e5ttanpassade. Originalhj\u00e4lmen gjordes i bl\u00e5tt med r\u00f6tt foder och \u00e4r den mest s\u00e5lda, idag kan man v\u00e4lja bland flera olika fina f\u00e4rger f\u00f6r att anpassa efter sin egen smak och personlighet. Standard p\u00e5 alla hj\u00e4lmarna \u00e4r s\u00e4kerhetssp\u00e4nne, men detta kan sj\u00e4lvklart \u00e4ndras vid behov.<\/p><p>Idag ligger produktionen i H\u00e5landa ca 5 mil ifr\u00e5n G\u00f6teborg och d\u00e4rifr\u00e5n skickas varje m\u00e5nad hundratals hj\u00e4lmar runt om i v\u00e4rlden!<\/p>\t\t\t\t\t\t\t\t<\/div>\n\t\t\t\t<\/div>\n\t\t\t\t\t<\/div>\n\t\t<\/div>\n\t\t\t\t<div class=\"elementor-column elementor-col-33 elementor-top-column elementor-element elementor-element-23a49e2\" data-id=\"23a49e2\" data-element_type=\"column\" data-e-type=\"column\">\n\t\t\t<div class=\"elementor-widget-wrap\">\n\t\t\t\t\t\t\t<\/div>\n\t\t<\/div>\n\t\t\t\t<div class=\"elementor-column elementor-col-33 elementor-top-column elementor-element elementor-element-67ac62a\" data-id=\"67ac62a\" data-element_type=\"column\" data-e-type=\"column\">\n\t\t\t<div class=\"elementor-widget-wrap elementor-element-populated\">\n\t\t\t\t\t\t<div class=\"elementor-element elementor-element-c474afd elementor-widget elementor-widget-image\" data-id=\"c474afd\" data-element_type=\"widget\" data-e-type=\"widget\" data-widget_type=\"image.default\">\n\t\t\t\t<div class=\"elementor-widget-container\">\n\t\t\t\t\t\t\t\t\t\t\t\t\t\t\t<img fetchpriority=\"high\" decoding=\"async\" width=\"667\" height=\"1000\" src=\"https:\/\/media1.toppen77.se\/2020\/02\/DSC8411.jpg\" class=\"attachment-large size-large wp-image-1485\" alt=\"\" srcset=\"https:\/\/media1.toppen77.se\/2020\/02\/DSC8411.jpg 667w, https:\/\/media1.toppen77.se\/2020\/02\/DSC8411-500x750.jpg 500w, https:\/\/media1.toppen77.se\/2020\/02\/DSC8411-200x300.jpg 200w, https:\/\/media1.toppen77.se\/2020\/02\/DSC8411-600x900.jpg 600w\" sizes=\"(max-width: 667px) 100vw, 667px\" \/>\t\t\t\t\t\t\t\t\t\t\t\t\t\t\t<\/div>\n\t\t\t\t<\/div>\n\t\t\t\t\t<\/div>\n\t\t<\/div>\n\t\t\t\t\t<\/div>\n\t\t<\/section>\n\t\t\t\t<section class=\"elementor-section elementor-top-section elementor-element elementor-element-c8abf2a elementor-section-boxed elementor-section-height-default elementor-section-height-default\" data-id=\"c8abf2a\" data-element_type=\"section\" data-e-type=\"section\">\n\t\t\t\t\t\t<div class=\"elementor-container elementor-column-gap-default\">\n\t\t\t\t\t<div class=\"elementor-column elementor-col-33 elementor-top-column elementor-element elementor-element-727d9bd\" data-id=\"727d9bd\" data-element_type=\"column\" data-e-type=\"column\">\n\t\t\t<div class=\"elementor-widget-wrap elementor-element-populated\">\n\t\t\t\t\t\t<div class=\"elementor-element elementor-element-7c7d118 elementor-widget elementor-widget-image\" data-id=\"7c7d118\" data-element_type=\"widget\" data-e-type=\"widget\" data-widget_type=\"image.default\">\n\t\t\t\t<div class=\"elementor-widget-container\">\n\t\t\t\t\t\t\t\t\t\t\t\t\t\t\t<img decoding=\"async\" width=\"1000\" height=\"667\" src=\"https:\/\/media1.toppen77.se\/2020\/02\/DSC8397.png\" class=\"attachment-large size-large wp-image-1484\" alt=\"\" srcset=\"https:\/\/media1.toppen77.se\/2020\/02\/DSC8397.png 1000w, https:\/\/media1.toppen77.se\/2020\/02\/DSC8397-500x334.png 500w, https:\/\/media1.toppen77.se\/2020\/02\/DSC8397-300x200.png 300w, https:\/\/media1.toppen77.se\/2020\/02\/DSC8397-768x512.png 768w, https:\/\/media1.toppen77.se\/2020\/02\/DSC8397-600x400.png 600w\" sizes=\"(max-width: 1000px) 100vw, 1000px\" \/>\t\t\t\t\t\t\t\t\t\t\t\t\t\t\t<\/div>\n\t\t\t\t<\/div>\n\t\t\t\t<div class=\"elementor-element elementor-element-33b7883 elementor-widget elementor-widget-heading\" data-id=\"33b7883\" data-element_type=\"widget\" data-e-type=\"widget\" data-widget_type=\"heading.default\">\n\t\t\t\t<div class=\"elementor-widget-container\">\n\t\t\t\t\t<h2 class=\"elementor-heading-title elementor-size-default\">Utveckling<\/h2>\t\t\t\t<\/div>\n\t\t\t\t<\/div>\n\t\t\t\t<div class=\"elementor-element elementor-element-7aa7739 elementor-widget elementor-widget-text-editor\" data-id=\"7aa7739\" data-element_type=\"widget\" data-e-type=\"widget\" data-widget_type=\"text-editor.default\">\n\t\t\t\t<div class=\"elementor-widget-container\">\n\t\t\t\t\t\t\t\t\t<p>Vi utvecklar st\u00e4ndigt v\u00e5ra befintliga produkter och skapar nya.\u00a0<\/p>\t\t\t\t\t\t\t\t<\/div>\n\t\t\t\t<\/div>\n\t\t\t\t\t<\/div>\n\t\t<\/div>\n\t\t\t\t<div class=\"elementor-column elementor-col-33 elementor-top-column elementor-element elementor-element-e977846\" data-id=\"e977846\" data-element_type=\"column\" data-e-type=\"column\">\n\t\t\t<div class=\"elementor-widget-wrap elementor-element-populated\">\n\t\t\t\t\t\t<div class=\"elementor-element elementor-element-620be7d elementor-widget elementor-widget-image\" data-id=\"620be7d\" data-element_type=\"widget\" data-e-type=\"widget\" data-widget_type=\"image.default\">\n\t\t\t\t<div class=\"elementor-widget-container\">\n\t\t\t\t\t\t\t\t\t\t\t\t\t\t\t<img decoding=\"async\" width=\"1024\" height=\"684\" src=\"https:\/\/media1.toppen77.se\/2020\/02\/DSC8350-kopia-1024x684.jpg\" class=\"attachment-large size-large wp-image-1491\" alt=\"\" srcset=\"https:\/\/media1.toppen77.se\/2020\/02\/DSC8350-kopia-1024x684.jpg 1024w, https:\/\/media1.toppen77.se\/2020\/02\/DSC8350-kopia-500x334.jpg 500w, https:\/\/media1.toppen77.se\/2020\/02\/DSC8350-kopia-300x200.jpg 300w, https:\/\/media1.toppen77.se\/2020\/02\/DSC8350-kopia-768x513.jpg 768w, https:\/\/media1.toppen77.se\/2020\/02\/DSC8350-kopia-1536x1025.jpg 1536w, https:\/\/media1.toppen77.se\/2020\/02\/DSC8350-kopia-600x401.jpg 600w, https:\/\/media1.toppen77.se\/2020\/02\/DSC8350-kopia.jpg 2000w\" sizes=\"(max-width: 1024px) 100vw, 1024px\" \/>\t\t\t\t\t\t\t\t\t\t\t\t\t\t\t<\/div>\n\t\t\t\t<\/div>\n\t\t\t\t<div class=\"elementor-element elementor-element-47e9077 elementor-widget elementor-widget-heading\" data-id=\"47e9077\" data-element_type=\"widget\" data-e-type=\"widget\" data-widget_type=\"heading.default\">\n\t\t\t\t<div class=\"elementor-widget-container\">\n\t\t\t\t\t<h2 class=\"elementor-heading-title elementor-size-default\">Individanpassat<\/h2>\t\t\t\t<\/div>\n\t\t\t\t<\/div>\n\t\t\t\t<div class=\"elementor-element elementor-element-55a85bd elementor-widget elementor-widget-text-editor\" data-id=\"55a85bd\" data-element_type=\"widget\" data-e-type=\"widget\" data-widget_type=\"text-editor.default\">\n\t\t\t\t<div class=\"elementor-widget-container\">\n\t\t\t\t\t\t\t\t\t<p><span style=\"color: #333333;\">Vi vill anpassa v\u00e5ra produkter efter dina \u00f6nskem\u00e5l.<\/span><\/p>\t\t\t\t\t\t\t\t<\/div>\n\t\t\t\t<\/div>\n\t\t\t\t\t<\/div>\n\t\t<\/div>\n\t\t\t\t<div class=\"elementor-column elementor-col-33 elementor-top-column elementor-element elementor-element-75f9f49\" data-id=\"75f9f49\" data-element_type=\"column\" data-e-type=\"column\">\n\t\t\t<div class=\"elementor-widget-wrap elementor-element-populated\">\n\t\t\t\t\t\t<div class=\"elementor-element elementor-element-1061ca0 elementor-widget elementor-widget-image\" data-id=\"1061ca0\" data-element_type=\"widget\" data-e-type=\"widget\" data-widget_type=\"image.default\">\n\t\t\t\t<div class=\"elementor-widget-container\">\n\t\t\t\t\t\t\t\t\t\t\t\t\t\t\t<img loading=\"lazy\" decoding=\"async\" width=\"1000\" height=\"667\" src=\"https:\/\/media1.toppen77.se\/2020\/02\/DSC8305.jpg\" class=\"attachment-large size-large wp-image-1488\" alt=\"\" srcset=\"https:\/\/media1.toppen77.se\/2020\/02\/DSC8305.jpg 1000w, https:\/\/media1.toppen77.se\/2020\/02\/DSC8305-500x334.jpg 500w, https:\/\/media1.toppen77.se\/2020\/02\/DSC8305-300x200.jpg 300w, https:\/\/media1.toppen77.se\/2020\/02\/DSC8305-768x512.jpg 768w, https:\/\/media1.toppen77.se\/2020\/02\/DSC8305-600x400.jpg 600w\" sizes=\"(max-width: 1000px) 100vw, 1000px\" \/>\t\t\t\t\t\t\t\t\t\t\t\t\t\t\t<\/div>\n\t\t\t\t<\/div>\n\t\t\t\t<div class=\"elementor-element elementor-element-c734c50 elementor-widget elementor-widget-heading\" data-id=\"c734c50\" data-element_type=\"widget\" data-e-type=\"widget\" data-widget_type=\"heading.default\">\n\t\t\t\t<div class=\"elementor-widget-container\">\n\t\t\t\t\t<h2 class=\"elementor-heading-title elementor-size-default\">Specialister<\/h2>\t\t\t\t<\/div>\n\t\t\t\t<\/div>\n\t\t\t\t<div class=\"elementor-element elementor-element-e352bcd elementor-widget elementor-widget-text-editor\" data-id=\"e352bcd\" data-element_type=\"widget\" data-e-type=\"widget\" data-widget_type=\"text-editor.default\">\n\t\t\t\t<div class=\"elementor-widget-container\">\n\t\t\t\t\t\t\t\t\t<p><span style=\"color: #333333;\">Vi g\u00f6r specialgjorda hj\u00e4lmar f\u00f6r operationer eller andra specifika anv\u00e4ndningsomr\u00e5den<\/span><\/p>\t\t\t\t\t\t\t\t<\/div>\n\t\t\t\t<\/div>\n\t\t\t\t\t<\/div>\n\t\t<\/div>\n\t\t\t\t\t<\/div>\n\t\t<\/section>\n\t\t\t\t<\/div>\n\t\t","protected":false},"excerpt":{"rendered":"<p>About us! We aim to simplify your daily life! oppen 77 was founded in Gothenburg in 1977. The helmet became a success and is now a recognized aid, sold worldwide. Today, the same high-quality protective helmet is manufactured by Ingela and Peter Berndtsson. Each helmet is meticulously hand-sewn and tailored to fit. The original helmet, [&hellip;]<\/p>\n","protected":false},"author":1,"featured_media":0,"parent":0,"menu_order":0,"comment_status":"closed","ping_status":"closed","template":"","meta":{"footnotes":""},"class_list":["post-1556","page","type-page","status-publish","hentry"],"jetpack_sharing_enabled":true,"_links":{"self":[{"href":"https:\/\/www.toppen77.se\/en\/wp-json\/wp\/v2\/pages\/1556","targetHints":{"allow":["GET"]}}],"collection":[{"href":"https:\/\/www.toppen77.se\/en\/wp-json\/wp\/v2\/pages"}],"about":[{"href":"https:\/\/www.toppen77.se\/en\/wp-json\/wp\/v2\/types\/page"}],"author":[{"embeddable":true,"href":"https:\/\/www.toppen77.se\/en\/wp-json\/wp\/v2\/users\/1"}],"replies":[{"embeddable":true,"href":"https:\/\/www.toppen77.se\/en\/wp-json\/wp\/v2\/comments?post=1556"}],"version-history":[{"count":0,"href":"https:\/\/www.toppen77.se\/en\/wp-json\/wp\/v2\/pages\/1556\/revisions"}],"wp:attachment":[{"href":"https:\/\/www.toppen77.se\/en\/wp-json\/wp\/v2\/media?parent=1556"}],"curies":[{"name":"wp","href":"https:\/\/api.w.org\/{rel}","templated":true}]}}